{"id":10,"date":"2021-02-23T11:35:36","date_gmt":"2021-02-23T11:35:36","guid":{"rendered":"https:\/\/eldiariocinegetico.es\/fr\/?page_id=10"},"modified":"2025-09-15T14:54:25","modified_gmt":"2025-09-15T14:54:25","slug":"home","status":"publish","type":"page","link":"https:\/\/castillodevinuelas.es\/fr\/","title":{"rendered":"Accuell"},"content":{"rendered":"","protected":false},"excerpt":{"rendered":"","protected":false},"author":1,"featured_media":0,"parent":0,"menu_order":0,"comment_status":"open","ping_status":"closed","template":"","meta":{"footnotes":""},"class_list":["post-10","page","type-page","status-publish","hentry"],"yoast_head":"<!-- This site is optimized with the Yoast SEO plugin v27.1.1 - https:\/\/yoast.com\/product\/yoast-seo-wordpress\/ -->\n<title>Accuell - Bienvenue au Castillo de Vi\u00f1uelas<\/title>\n<meta name=\"description\" content=\"Vi\u00f1uelas, un havre de faune sauvage, accueille chaque ann\u00e9e entre octobre et f\u00e9vrier des chasses \u00e0 courre et des battues de gros gibier. En ao\u00fbt, la tourterelle est la cible favorite des chasseurs. En septembre, ce sont les aff\u00fbts et le brame du cerf qui rythment la vie du domaine.\" \/>\n<meta name=\"robots\" content=\"index, follow, max-snippet:-1, max-image-preview:large, max-video-preview:-1\" \/>\n<link rel=\"canonical\" href=\"https:\/\/castillodevinuelas.es\/fr\/\" \/>\n<meta property=\"og:locale\" content=\"fr_FR\" \/>\n<meta property=\"og:type\" content=\"article\" \/>\n<meta property=\"og:title\" content=\"Accuell - Bienvenue au Castillo de Vi\u00f1uelas\" \/>\n<meta property=\"og:description\" content=\"Vi\u00f1uelas, un havre de faune sauvage, accueille chaque ann\u00e9e entre octobre et f\u00e9vrier des chasses \u00e0 courre et des battues de gros gibier. En ao\u00fbt, la tourterelle est la cible favorite des chasseurs. En septembre, ce sont les aff\u00fbts et le brame du cerf qui rythment la vie du domaine.\" \/>\n<meta property=\"og:url\" content=\"https:\/\/castillodevinuelas.es\/fr\/\" \/>\n<meta property=\"og:site_name\" content=\"Bienvenue au Castillo de Vi\u00f1uelas\" \/>\n<meta property=\"article:modified_time\" content=\"2025-09-15T14:54:25+00:00\" \/>\n<meta property=\"og:image\" content=\"https:\/\/castillodevinuelas.es\/fr\/wp-content\/uploads\/sites\/3\/2024\/08\/CV_logo_hor-v2_100.png\" \/>\n\t<meta property=\"og:image:width\" content=\"289\" \/>\n\t<meta property=\"og:image:height\" content=\"100\" \/>\n\t<meta property=\"og:image:type\" content=\"image\/png\" \/>\n<meta name=\"twitter:card\" content=\"summary_large_image\" \/>\n<script type=\"application\/ld+json\" class=\"yoast-schema-graph\">{\"@context\":\"https:\/\/schema.org\",\"@graph\":[{\"@type\":\"WebPage\",\"@id\":\"https:\/\/castillodevinuelas.es\/fr\/\",\"url\":\"https:\/\/castillodevinuelas.es\/fr\/\",\"name\":\"Accuell - Bienvenue au Castillo de Vi\u00f1uelas\",\"isPartOf\":{\"@id\":\"https:\/\/castillodevinuelas.es\/fr\/#website\"},\"datePublished\":\"2021-02-23T11:35:36+00:00\",\"dateModified\":\"2025-09-15T14:54:25+00:00\",\"description\":\"Vi\u00f1uelas, un havre de faune sauvage, accueille chaque ann\u00e9e entre octobre et f\u00e9vrier des chasses \u00e0 courre et des battues de gros gibier. En ao\u00fbt, la tourterelle est la cible favorite des chasseurs. En septembre, ce sont les aff\u00fbts et le brame du cerf qui rythment la vie du domaine.\",\"breadcrumb\":{\"@id\":\"https:\/\/castillodevinuelas.es\/fr\/#breadcrumb\"},\"inLanguage\":\"fr-FR\",\"potentialAction\":[{\"@type\":\"ReadAction\",\"target\":[\"https:\/\/castillodevinuelas.es\/fr\/\"]}]},{\"@type\":\"BreadcrumbList\",\"@id\":\"https:\/\/castillodevinuelas.es\/fr\/#breadcrumb\",\"itemListElement\":[{\"@type\":\"ListItem\",\"position\":1,\"name\":\"Portada\",\"item\":\"https:\/\/castillodevinuelas.es\/fr\/\"},{\"@type\":\"ListItem\",\"position\":2,\"name\":\"Accuell\"}]},{\"@type\":\"WebSite\",\"@id\":\"https:\/\/castillodevinuelas.es\/fr\/#website\",\"url\":\"https:\/\/castillodevinuelas.es\/fr\/\",\"name\":\"Bienvenue au Castillo de Vi\u00f1uelas\",\"description\":\"Castillo de Vi\u00f1uelas\",\"publisher\":{\"@id\":\"https:\/\/castillodevinuelas.es\/fr\/#organization\"},\"alternateName\":\"Castillo de Vi\u00f1uelas\",\"potentialAction\":[{\"@type\":\"SearchAction\",\"target\":{\"@type\":\"EntryPoint\",\"urlTemplate\":\"https:\/\/castillodevinuelas.es\/fr\/?s={search_term_string}\"},\"query-input\":{\"@type\":\"PropertyValueSpecification\",\"valueRequired\":true,\"valueName\":\"search_term_string\"}}],\"inLanguage\":\"fr-FR\"},{\"@type\":\"Organization\",\"@id\":\"https:\/\/castillodevinuelas.es\/fr\/#organization\",\"name\":\"Castillo de Vi\u00f1uelas\",\"alternateName\":\"Castillo de Vi\u00f1uelas\",\"url\":\"https:\/\/castillodevinuelas.es\/fr\/\",\"logo\":{\"@type\":\"ImageObject\",\"inLanguage\":\"fr-FR\",\"@id\":\"https:\/\/castillodevinuelas.es\/fr\/#\/schema\/logo\/image\/\",\"url\":\"https:\/\/castillodevinuelas.es\/fr\/wp-content\/uploads\/sites\/3\/2024\/08\/CV_logo_hor-v2_100.png\",\"contentUrl\":\"https:\/\/castillodevinuelas.es\/fr\/wp-content\/uploads\/sites\/3\/2024\/08\/CV_logo_hor-v2_100.png\",\"width\":289,\"height\":100,\"caption\":\"Castillo de Vi\u00f1uelas\"},\"image\":{\"@id\":\"https:\/\/castillodevinuelas.es\/fr\/#\/schema\/logo\/image\/\"},\"sameAs\":[\"https:\/\/www.instagram.com\/castillodevinuelas\"]}]}<\/script>\n<!-- \/ Yoast SEO plugin. -->","yoast_head_json":{"title":"Accuell - Bienvenue au Castillo de Vi\u00f1uelas","description":"Vi\u00f1uelas, un havre de faune sauvage, accueille chaque ann\u00e9e entre octobre et f\u00e9vrier des chasses \u00e0 courre et des battues de gros gibier. En ao\u00fbt, la tourterelle est la cible favorite des chasseurs. En septembre, ce sont les aff\u00fbts et le brame du cerf qui rythment la vie du domaine.","robots":{"index":"index","follow":"follow","max-snippet":"max-snippet:-1","max-image-preview":"max-image-preview:large","max-video-preview":"max-video-preview:-1"},"canonical":"https:\/\/castillodevinuelas.es\/fr\/","og_locale":"fr_FR","og_type":"article","og_title":"Accuell - Bienvenue au Castillo de Vi\u00f1uelas","og_description":"Vi\u00f1uelas, un havre de faune sauvage, accueille chaque ann\u00e9e entre octobre et f\u00e9vrier des chasses \u00e0 courre et des battues de gros gibier. En ao\u00fbt, la tourterelle est la cible favorite des chasseurs. En septembre, ce sont les aff\u00fbts et le brame du cerf qui rythment la vie du domaine.","og_url":"https:\/\/castillodevinuelas.es\/fr\/","og_site_name":"Bienvenue au Castillo de Vi\u00f1uelas","article_modified_time":"2025-09-15T14:54:25+00:00","og_image":[{"width":289,"height":100,"url":"https:\/\/castillodevinuelas.es\/fr\/wp-content\/uploads\/sites\/3\/2024\/08\/CV_logo_hor-v2_100.png","type":"image\/png"}],"twitter_card":"summary_large_image","schema":{"@context":"https:\/\/schema.org","@graph":[{"@type":"WebPage","@id":"https:\/\/castillodevinuelas.es\/fr\/","url":"https:\/\/castillodevinuelas.es\/fr\/","name":"Accuell - Bienvenue au Castillo de Vi\u00f1uelas","isPartOf":{"@id":"https:\/\/castillodevinuelas.es\/fr\/#website"},"datePublished":"2021-02-23T11:35:36+00:00","dateModified":"2025-09-15T14:54:25+00:00","description":"Vi\u00f1uelas, un havre de faune sauvage, accueille chaque ann\u00e9e entre octobre et f\u00e9vrier des chasses \u00e0 courre et des battues de gros gibier. En ao\u00fbt, la tourterelle est la cible favorite des chasseurs. En septembre, ce sont les aff\u00fbts et le brame du cerf qui rythment la vie du domaine.","breadcrumb":{"@id":"https:\/\/castillodevinuelas.es\/fr\/#breadcrumb"},"inLanguage":"fr-FR","potentialAction":[{"@type":"ReadAction","target":["https:\/\/castillodevinuelas.es\/fr\/"]}]},{"@type":"BreadcrumbList","@id":"https:\/\/castillodevinuelas.es\/fr\/#breadcrumb","itemListElement":[{"@type":"ListItem","position":1,"name":"Portada","item":"https:\/\/castillodevinuelas.es\/fr\/"},{"@type":"ListItem","position":2,"name":"Accuell"}]},{"@type":"WebSite","@id":"https:\/\/castillodevinuelas.es\/fr\/#website","url":"https:\/\/castillodevinuelas.es\/fr\/","name":"Bienvenue au Castillo de Vi\u00f1uelas","description":"Castillo de Vi\u00f1uelas","publisher":{"@id":"https:\/\/castillodevinuelas.es\/fr\/#organization"},"alternateName":"Castillo de Vi\u00f1uelas","potentialAction":[{"@type":"SearchAction","target":{"@type":"EntryPoint","urlTemplate":"https:\/\/castillodevinuelas.es\/fr\/?s={search_term_string}"},"query-input":{"@type":"PropertyValueSpecification","valueRequired":true,"valueName":"search_term_string"}}],"inLanguage":"fr-FR"},{"@type":"Organization","@id":"https:\/\/castillodevinuelas.es\/fr\/#organization","name":"Castillo de Vi\u00f1uelas","alternateName":"Castillo de Vi\u00f1uelas","url":"https:\/\/castillodevinuelas.es\/fr\/","logo":{"@type":"ImageObject","inLanguage":"fr-FR","@id":"https:\/\/castillodevinuelas.es\/fr\/#\/schema\/logo\/image\/","url":"https:\/\/castillodevinuelas.es\/fr\/wp-content\/uploads\/sites\/3\/2024\/08\/CV_logo_hor-v2_100.png","contentUrl":"https:\/\/castillodevinuelas.es\/fr\/wp-content\/uploads\/sites\/3\/2024\/08\/CV_logo_hor-v2_100.png","width":289,"height":100,"caption":"Castillo de Vi\u00f1uelas"},"image":{"@id":"https:\/\/castillodevinuelas.es\/fr\/#\/schema\/logo\/image\/"},"sameAs":["https:\/\/www.instagram.com\/castillodevinuelas"]}]}},"_links":{"self":[{"href":"https:\/\/castillodevinuelas.es\/fr\/wp-json\/wp\/v2\/pages\/10","targetHints":{"allow":["GET"]}}],"collection":[{"href":"https:\/\/castillodevinuelas.es\/fr\/wp-json\/wp\/v2\/pages"}],"about":[{"href":"https:\/\/castillodevinuelas.es\/fr\/wp-json\/wp\/v2\/types\/page"}],"author":[{"embeddable":true,"href":"https:\/\/castillodevinuelas.es\/fr\/wp-json\/wp\/v2\/users\/1"}],"replies":[{"embeddable":true,"href":"https:\/\/castillodevinuelas.es\/fr\/wp-json\/wp\/v2\/comments?post=10"}],"version-history":[{"count":2,"href":"https:\/\/castillodevinuelas.es\/fr\/wp-json\/wp\/v2\/pages\/10\/revisions"}],"predecessor-version":[{"id":428,"href":"https:\/\/castillodevinuelas.es\/fr\/wp-json\/wp\/v2\/pages\/10\/revisions\/428"}],"wp:attachment":[{"href":"https:\/\/castillodevinuelas.es\/fr\/wp-json\/wp\/v2\/media?parent=10"}],"curies":[{"name":"wp","href":"https:\/\/api.w.org\/{rel}","templated":true}]}}