{"id":143,"date":"2024-08-01T14:26:15","date_gmt":"2024-08-01T12:26:15","guid":{"rendered":"https:\/\/eldiariocinegetico.es\/fr\/?page_id=143"},"modified":"2024-10-11T19:58:34","modified_gmt":"2024-10-11T17:58:34","slug":"galeries","status":"publish","type":"page","link":"https:\/\/castillodevinuelas.es\/fr\/galeries\/","title":{"rendered":"Galeries"},"content":{"rendered":"","protected":false},"excerpt":{"rendered":"","protected":false},"author":1,"featured_media":0,"parent":0,"menu_order":0,"comment_status":"open","ping_status":"closed","template":"","meta":{"footnotes":""},"class_list":["post-143","page","type-page","status-publish","hentry"],"yoast_head":"<!-- This site is optimized with the Yoast SEO plugin v27.1.1 - https:\/\/yoast.com\/product\/yoast-seo-wordpress\/ -->\n<title>Galeries - Bienvenue au Castillo de Vi\u00f1uelas<\/title>\n<meta name=\"description\" content=\"Vi\u00f1uelas change avec les saisons. Selon le moment o\u00f9 l&#039;on regarde, un \u00e9tang ass\u00e9ch\u00e9 \u00e0 Vi\u00f1uelas se transformera en un lagon gel\u00e9. Un arbre feuillu qui projette une grande ombre se r\u00e9duira \u00e0 un simple tronc avec des branches. Un daim aux grands bois les perdra en une seule journ\u00e9e. Les prairies br\u00fbl\u00e9es par le soleil deviendront bient\u00f4t d&#039;un vert brillant. Les terres monochromes et d\u00e9sol\u00e9es en hiver deviendront multicolores au printemps.\" \/>\n<meta name=\"robots\" content=\"index, follow, max-snippet:-1, max-image-preview:large, max-video-preview:-1\" \/>\n<link rel=\"canonical\" href=\"https:\/\/castillodevinuelas.es\/fr\/galeries\/\" \/>\n<meta property=\"og:locale\" content=\"fr_FR\" \/>\n<meta property=\"og:type\" content=\"article\" \/>\n<meta property=\"og:title\" content=\"Galeries - Bienvenue au Castillo de Vi\u00f1uelas\" \/>\n<meta property=\"og:description\" content=\"Vi\u00f1uelas change avec les saisons. Selon le moment o\u00f9 l&#039;on regarde, un \u00e9tang ass\u00e9ch\u00e9 \u00e0 Vi\u00f1uelas se transformera en un lagon gel\u00e9. Un arbre feuillu qui projette une grande ombre se r\u00e9duira \u00e0 un simple tronc avec des branches. Un daim aux grands bois les perdra en une seule journ\u00e9e. Les prairies br\u00fbl\u00e9es par le soleil deviendront bient\u00f4t d&#039;un vert brillant. Les terres monochromes et d\u00e9sol\u00e9es en hiver deviendront multicolores au printemps.\" \/>\n<meta property=\"og:url\" content=\"https:\/\/castillodevinuelas.es\/fr\/galeries\/\" \/>\n<meta property=\"og:site_name\" content=\"Bienvenue au Castillo de Vi\u00f1uelas\" \/>\n<meta property=\"article:modified_time\" content=\"2024-10-11T17:58:34+00:00\" \/>\n<meta property=\"og:image\" content=\"https:\/\/castillodevinuelas.es\/fr\/wp-content\/uploads\/sites\/3\/2024\/08\/CV_logo_hor-v2_100.png\" \/>\n\t<meta property=\"og:image:width\" content=\"289\" \/>\n\t<meta property=\"og:image:height\" content=\"100\" \/>\n\t<meta property=\"og:image:type\" content=\"image\/png\" \/>\n<meta name=\"twitter:card\" content=\"summary_large_image\" \/>\n<script type=\"application\/ld+json\" class=\"yoast-schema-graph\">{\"@context\":\"https:\/\/schema.org\",\"@graph\":[{\"@type\":\"WebPage\",\"@id\":\"https:\/\/castillodevinuelas.es\/fr\/galeries\/\",\"url\":\"https:\/\/castillodevinuelas.es\/fr\/galeries\/\",\"name\":\"Galeries - Bienvenue au Castillo de Vi\u00f1uelas\",\"isPartOf\":{\"@id\":\"https:\/\/castillodevinuelas.es\/fr\/#website\"},\"datePublished\":\"2024-08-01T12:26:15+00:00\",\"dateModified\":\"2024-10-11T17:58:34+00:00\",\"description\":\"Vi\u00f1uelas change avec les saisons. Selon le moment o\u00f9 l'on regarde, un \u00e9tang ass\u00e9ch\u00e9 \u00e0 Vi\u00f1uelas se transformera en un lagon gel\u00e9. Un arbre feuillu qui projette une grande ombre se r\u00e9duira \u00e0 un simple tronc avec des branches. Un daim aux grands bois les perdra en une seule journ\u00e9e. Les prairies br\u00fbl\u00e9es par le soleil deviendront bient\u00f4t d'un vert brillant. Les terres monochromes et d\u00e9sol\u00e9es en hiver deviendront multicolores au printemps.\",\"breadcrumb\":{\"@id\":\"https:\/\/castillodevinuelas.es\/fr\/galeries\/#breadcrumb\"},\"inLanguage\":\"fr-FR\",\"potentialAction\":[{\"@type\":\"ReadAction\",\"target\":[\"https:\/\/castillodevinuelas.es\/fr\/galeries\/\"]}]},{\"@type\":\"BreadcrumbList\",\"@id\":\"https:\/\/castillodevinuelas.es\/fr\/galeries\/#breadcrumb\",\"itemListElement\":[{\"@type\":\"ListItem\",\"position\":1,\"name\":\"Portada\",\"item\":\"https:\/\/castillodevinuelas.es\/fr\/\"},{\"@type\":\"ListItem\",\"position\":2,\"name\":\"Galeries\"}]},{\"@type\":\"WebSite\",\"@id\":\"https:\/\/castillodevinuelas.es\/fr\/#website\",\"url\":\"https:\/\/castillodevinuelas.es\/fr\/\",\"name\":\"Bienvenue au Castillo de Vi\u00f1uelas\",\"description\":\"Castillo de Vi\u00f1uelas\",\"publisher\":{\"@id\":\"https:\/\/castillodevinuelas.es\/fr\/#organization\"},\"alternateName\":\"Castillo de Vi\u00f1uelas\",\"potentialAction\":[{\"@type\":\"SearchAction\",\"target\":{\"@type\":\"EntryPoint\",\"urlTemplate\":\"https:\/\/castillodevinuelas.es\/fr\/?s={search_term_string}\"},\"query-input\":{\"@type\":\"PropertyValueSpecification\",\"valueRequired\":true,\"valueName\":\"search_term_string\"}}],\"inLanguage\":\"fr-FR\"},{\"@type\":\"Organization\",\"@id\":\"https:\/\/castillodevinuelas.es\/fr\/#organization\",\"name\":\"Castillo de Vi\u00f1uelas\",\"alternateName\":\"Castillo de Vi\u00f1uelas\",\"url\":\"https:\/\/castillodevinuelas.es\/fr\/\",\"logo\":{\"@type\":\"ImageObject\",\"inLanguage\":\"fr-FR\",\"@id\":\"https:\/\/castillodevinuelas.es\/fr\/#\/schema\/logo\/image\/\",\"url\":\"https:\/\/castillodevinuelas.es\/fr\/wp-content\/uploads\/sites\/3\/2024\/08\/CV_logo_hor-v2_100.png\",\"contentUrl\":\"https:\/\/castillodevinuelas.es\/fr\/wp-content\/uploads\/sites\/3\/2024\/08\/CV_logo_hor-v2_100.png\",\"width\":289,\"height\":100,\"caption\":\"Castillo de Vi\u00f1uelas\"},\"image\":{\"@id\":\"https:\/\/castillodevinuelas.es\/fr\/#\/schema\/logo\/image\/\"},\"sameAs\":[\"https:\/\/www.instagram.com\/castillodevinuelas\"]}]}<\/script>\n<!-- \/ Yoast SEO plugin. -->","yoast_head_json":{"title":"Galeries - Bienvenue au Castillo de Vi\u00f1uelas","description":"Vi\u00f1uelas change avec les saisons. Selon le moment o\u00f9 l'on regarde, un \u00e9tang ass\u00e9ch\u00e9 \u00e0 Vi\u00f1uelas se transformera en un lagon gel\u00e9. Un arbre feuillu qui projette une grande ombre se r\u00e9duira \u00e0 un simple tronc avec des branches. Un daim aux grands bois les perdra en une seule journ\u00e9e. Les prairies br\u00fbl\u00e9es par le soleil deviendront bient\u00f4t d'un vert brillant. Les terres monochromes et d\u00e9sol\u00e9es en hiver deviendront multicolores au printemps.","robots":{"index":"index","follow":"follow","max-snippet":"max-snippet:-1","max-image-preview":"max-image-preview:large","max-video-preview":"max-video-preview:-1"},"canonical":"https:\/\/castillodevinuelas.es\/fr\/galeries\/","og_locale":"fr_FR","og_type":"article","og_title":"Galeries - Bienvenue au Castillo de Vi\u00f1uelas","og_description":"Vi\u00f1uelas change avec les saisons. Selon le moment o\u00f9 l'on regarde, un \u00e9tang ass\u00e9ch\u00e9 \u00e0 Vi\u00f1uelas se transformera en un lagon gel\u00e9. Un arbre feuillu qui projette une grande ombre se r\u00e9duira \u00e0 un simple tronc avec des branches. Un daim aux grands bois les perdra en une seule journ\u00e9e. Les prairies br\u00fbl\u00e9es par le soleil deviendront bient\u00f4t d'un vert brillant. Les terres monochromes et d\u00e9sol\u00e9es en hiver deviendront multicolores au printemps.","og_url":"https:\/\/castillodevinuelas.es\/fr\/galeries\/","og_site_name":"Bienvenue au Castillo de Vi\u00f1uelas","article_modified_time":"2024-10-11T17:58:34+00:00","og_image":[{"width":289,"height":100,"url":"https:\/\/castillodevinuelas.es\/fr\/wp-content\/uploads\/sites\/3\/2024\/08\/CV_logo_hor-v2_100.png","type":"image\/png"}],"twitter_card":"summary_large_image","schema":{"@context":"https:\/\/schema.org","@graph":[{"@type":"WebPage","@id":"https:\/\/castillodevinuelas.es\/fr\/galeries\/","url":"https:\/\/castillodevinuelas.es\/fr\/galeries\/","name":"Galeries - Bienvenue au Castillo de Vi\u00f1uelas","isPartOf":{"@id":"https:\/\/castillodevinuelas.es\/fr\/#website"},"datePublished":"2024-08-01T12:26:15+00:00","dateModified":"2024-10-11T17:58:34+00:00","description":"Vi\u00f1uelas change avec les saisons. Selon le moment o\u00f9 l'on regarde, un \u00e9tang ass\u00e9ch\u00e9 \u00e0 Vi\u00f1uelas se transformera en un lagon gel\u00e9. Un arbre feuillu qui projette une grande ombre se r\u00e9duira \u00e0 un simple tronc avec des branches. Un daim aux grands bois les perdra en une seule journ\u00e9e. Les prairies br\u00fbl\u00e9es par le soleil deviendront bient\u00f4t d'un vert brillant. Les terres monochromes et d\u00e9sol\u00e9es en hiver deviendront multicolores au printemps.","breadcrumb":{"@id":"https:\/\/castillodevinuelas.es\/fr\/galeries\/#breadcrumb"},"inLanguage":"fr-FR","potentialAction":[{"@type":"ReadAction","target":["https:\/\/castillodevinuelas.es\/fr\/galeries\/"]}]},{"@type":"BreadcrumbList","@id":"https:\/\/castillodevinuelas.es\/fr\/galeries\/#breadcrumb","itemListElement":[{"@type":"ListItem","position":1,"name":"Portada","item":"https:\/\/castillodevinuelas.es\/fr\/"},{"@type":"ListItem","position":2,"name":"Galeries"}]},{"@type":"WebSite","@id":"https:\/\/castillodevinuelas.es\/fr\/#website","url":"https:\/\/castillodevinuelas.es\/fr\/","name":"Bienvenue au Castillo de Vi\u00f1uelas","description":"Castillo de Vi\u00f1uelas","publisher":{"@id":"https:\/\/castillodevinuelas.es\/fr\/#organization"},"alternateName":"Castillo de Vi\u00f1uelas","potentialAction":[{"@type":"SearchAction","target":{"@type":"EntryPoint","urlTemplate":"https:\/\/castillodevinuelas.es\/fr\/?s={search_term_string}"},"query-input":{"@type":"PropertyValueSpecification","valueRequired":true,"valueName":"search_term_string"}}],"inLanguage":"fr-FR"},{"@type":"Organization","@id":"https:\/\/castillodevinuelas.es\/fr\/#organization","name":"Castillo de Vi\u00f1uelas","alternateName":"Castillo de Vi\u00f1uelas","url":"https:\/\/castillodevinuelas.es\/fr\/","logo":{"@type":"ImageObject","inLanguage":"fr-FR","@id":"https:\/\/castillodevinuelas.es\/fr\/#\/schema\/logo\/image\/","url":"https:\/\/castillodevinuelas.es\/fr\/wp-content\/uploads\/sites\/3\/2024\/08\/CV_logo_hor-v2_100.png","contentUrl":"https:\/\/castillodevinuelas.es\/fr\/wp-content\/uploads\/sites\/3\/2024\/08\/CV_logo_hor-v2_100.png","width":289,"height":100,"caption":"Castillo de Vi\u00f1uelas"},"image":{"@id":"https:\/\/castillodevinuelas.es\/fr\/#\/schema\/logo\/image\/"},"sameAs":["https:\/\/www.instagram.com\/castillodevinuelas"]}]}},"_links":{"self":[{"href":"https:\/\/castillodevinuelas.es\/fr\/wp-json\/wp\/v2\/pages\/143","targetHints":{"allow":["GET"]}}],"collection":[{"href":"https:\/\/castillodevinuelas.es\/fr\/wp-json\/wp\/v2\/pages"}],"about":[{"href":"https:\/\/castillodevinuelas.es\/fr\/wp-json\/wp\/v2\/types\/page"}],"author":[{"embeddable":true,"href":"https:\/\/castillodevinuelas.es\/fr\/wp-json\/wp\/v2\/users\/1"}],"replies":[{"embeddable":true,"href":"https:\/\/castillodevinuelas.es\/fr\/wp-json\/wp\/v2\/comments?post=143"}],"version-history":[{"count":5,"href":"https:\/\/castillodevinuelas.es\/fr\/wp-json\/wp\/v2\/pages\/143\/revisions"}],"predecessor-version":[{"id":443,"href":"https:\/\/castillodevinuelas.es\/fr\/wp-json\/wp\/v2\/pages\/143\/revisions\/443"}],"wp:attachment":[{"href":"https:\/\/castillodevinuelas.es\/fr\/wp-json\/wp\/v2\/media?parent=143"}],"curies":[{"name":"wp","href":"https:\/\/api.w.org\/{rel}","templated":true}]}}