{"id":154,"date":"2024-08-01T14:32:38","date_gmt":"2024-08-01T12:32:38","guid":{"rendered":"https:\/\/eldiariocinegetico.es\/fr\/?page_id=154"},"modified":"2024-10-11T19:32:25","modified_gmt":"2024-10-11T17:32:25","slug":"le-domaine","status":"publish","type":"page","link":"https:\/\/castillodevinuelas.es\/fr\/le-domaine\/","title":{"rendered":"Le Domaine"},"content":{"rendered":"","protected":false},"excerpt":{"rendered":"","protected":false},"author":1,"featured_media":0,"parent":0,"menu_order":0,"comment_status":"open","ping_status":"closed","template":"","meta":{"footnotes":""},"class_list":["post-154","page","type-page","status-publish","hentry"],"yoast_head":"<!-- This site is optimized with the Yoast SEO plugin v27.1.1 - https:\/\/yoast.com\/product\/yoast-seo-wordpress\/ -->\n<title>Le Domaine - Bienvenue au Castillo de Vi\u00f1uelas<\/title>\n<meta name=\"description\" content=\"Vi\u00f1uelas, paradis de la faune ib\u00e9rique, poss\u00e8de de grandes valeurs paysag\u00e8res, artistiques et environnementales, abritant de fabuleux sp\u00e9cimens de cerfs, de daims, de sangliers et de perdrix, entre autres nombreuses esp\u00e8ces.\" \/>\n<meta name=\"robots\" content=\"index, follow, max-snippet:-1, max-image-preview:large, max-video-preview:-1\" \/>\n<link rel=\"canonical\" href=\"https:\/\/castillodevinuelas.es\/fr\/le-domaine\/\" \/>\n<meta property=\"og:locale\" content=\"fr_FR\" \/>\n<meta property=\"og:type\" content=\"article\" \/>\n<meta property=\"og:title\" content=\"Le Domaine - Bienvenue au Castillo de Vi\u00f1uelas\" \/>\n<meta property=\"og:description\" content=\"Vi\u00f1uelas, paradis de la faune ib\u00e9rique, poss\u00e8de de grandes valeurs paysag\u00e8res, artistiques et environnementales, abritant de fabuleux sp\u00e9cimens de cerfs, de daims, de sangliers et de perdrix, entre autres nombreuses esp\u00e8ces.\" \/>\n<meta property=\"og:url\" content=\"https:\/\/castillodevinuelas.es\/fr\/le-domaine\/\" \/>\n<meta property=\"og:site_name\" content=\"Bienvenue au Castillo de Vi\u00f1uelas\" \/>\n<meta property=\"article:modified_time\" content=\"2024-10-11T17:32:25+00:00\" \/>\n<meta property=\"og:image\" content=\"https:\/\/castillodevinuelas.es\/fr\/wp-content\/uploads\/sites\/3\/2024\/08\/CV_logo_hor-v2_100.png\" \/>\n\t<meta property=\"og:image:width\" content=\"289\" \/>\n\t<meta property=\"og:image:height\" content=\"100\" \/>\n\t<meta property=\"og:image:type\" content=\"image\/png\" \/>\n<meta name=\"twitter:card\" content=\"summary_large_image\" \/>\n<script type=\"application\/ld+json\" class=\"yoast-schema-graph\">{\"@context\":\"https:\/\/schema.org\",\"@graph\":[{\"@type\":\"WebPage\",\"@id\":\"https:\/\/castillodevinuelas.es\/fr\/le-domaine\/\",\"url\":\"https:\/\/castillodevinuelas.es\/fr\/le-domaine\/\",\"name\":\"Le Domaine - Bienvenue au Castillo de Vi\u00f1uelas\",\"isPartOf\":{\"@id\":\"https:\/\/castillodevinuelas.es\/fr\/#website\"},\"datePublished\":\"2024-08-01T12:32:38+00:00\",\"dateModified\":\"2024-10-11T17:32:25+00:00\",\"description\":\"Vi\u00f1uelas, paradis de la faune ib\u00e9rique, poss\u00e8de de grandes valeurs paysag\u00e8res, artistiques et environnementales, abritant de fabuleux sp\u00e9cimens de cerfs, de daims, de sangliers et de perdrix, entre autres nombreuses esp\u00e8ces.\",\"breadcrumb\":{\"@id\":\"https:\/\/castillodevinuelas.es\/fr\/le-domaine\/#breadcrumb\"},\"inLanguage\":\"fr-FR\",\"potentialAction\":[{\"@type\":\"ReadAction\",\"target\":[\"https:\/\/castillodevinuelas.es\/fr\/le-domaine\/\"]}]},{\"@type\":\"BreadcrumbList\",\"@id\":\"https:\/\/castillodevinuelas.es\/fr\/le-domaine\/#breadcrumb\",\"itemListElement\":[{\"@type\":\"ListItem\",\"position\":1,\"name\":\"Portada\",\"item\":\"https:\/\/castillodevinuelas.es\/fr\/\"},{\"@type\":\"ListItem\",\"position\":2,\"name\":\"Le Domaine\"}]},{\"@type\":\"WebSite\",\"@id\":\"https:\/\/castillodevinuelas.es\/fr\/#website\",\"url\":\"https:\/\/castillodevinuelas.es\/fr\/\",\"name\":\"Bienvenue au Castillo de Vi\u00f1uelas\",\"description\":\"Castillo de Vi\u00f1uelas\",\"publisher\":{\"@id\":\"https:\/\/castillodevinuelas.es\/fr\/#organization\"},\"alternateName\":\"Castillo de Vi\u00f1uelas\",\"potentialAction\":[{\"@type\":\"SearchAction\",\"target\":{\"@type\":\"EntryPoint\",\"urlTemplate\":\"https:\/\/castillodevinuelas.es\/fr\/?s={search_term_string}\"},\"query-input\":{\"@type\":\"PropertyValueSpecification\",\"valueRequired\":true,\"valueName\":\"search_term_string\"}}],\"inLanguage\":\"fr-FR\"},{\"@type\":\"Organization\",\"@id\":\"https:\/\/castillodevinuelas.es\/fr\/#organization\",\"name\":\"Castillo de Vi\u00f1uelas\",\"alternateName\":\"Castillo de Vi\u00f1uelas\",\"url\":\"https:\/\/castillodevinuelas.es\/fr\/\",\"logo\":{\"@type\":\"ImageObject\",\"inLanguage\":\"fr-FR\",\"@id\":\"https:\/\/castillodevinuelas.es\/fr\/#\/schema\/logo\/image\/\",\"url\":\"https:\/\/castillodevinuelas.es\/fr\/wp-content\/uploads\/sites\/3\/2024\/08\/CV_logo_hor-v2_100.png\",\"contentUrl\":\"https:\/\/castillodevinuelas.es\/fr\/wp-content\/uploads\/sites\/3\/2024\/08\/CV_logo_hor-v2_100.png\",\"width\":289,\"height\":100,\"caption\":\"Castillo de Vi\u00f1uelas\"},\"image\":{\"@id\":\"https:\/\/castillodevinuelas.es\/fr\/#\/schema\/logo\/image\/\"},\"sameAs\":[\"https:\/\/www.instagram.com\/castillodevinuelas\"]}]}<\/script>\n<!-- \/ Yoast SEO plugin. -->","yoast_head_json":{"title":"Le Domaine - Bienvenue au Castillo de Vi\u00f1uelas","description":"Vi\u00f1uelas, paradis de la faune ib\u00e9rique, poss\u00e8de de grandes valeurs paysag\u00e8res, artistiques et environnementales, abritant de fabuleux sp\u00e9cimens de cerfs, de daims, de sangliers et de perdrix, entre autres nombreuses esp\u00e8ces.","robots":{"index":"index","follow":"follow","max-snippet":"max-snippet:-1","max-image-preview":"max-image-preview:large","max-video-preview":"max-video-preview:-1"},"canonical":"https:\/\/castillodevinuelas.es\/fr\/le-domaine\/","og_locale":"fr_FR","og_type":"article","og_title":"Le Domaine - Bienvenue au Castillo de Vi\u00f1uelas","og_description":"Vi\u00f1uelas, paradis de la faune ib\u00e9rique, poss\u00e8de de grandes valeurs paysag\u00e8res, artistiques et environnementales, abritant de fabuleux sp\u00e9cimens de cerfs, de daims, de sangliers et de perdrix, entre autres nombreuses esp\u00e8ces.","og_url":"https:\/\/castillodevinuelas.es\/fr\/le-domaine\/","og_site_name":"Bienvenue au Castillo de Vi\u00f1uelas","article_modified_time":"2024-10-11T17:32:25+00:00","og_image":[{"width":289,"height":100,"url":"https:\/\/castillodevinuelas.es\/fr\/wp-content\/uploads\/sites\/3\/2024\/08\/CV_logo_hor-v2_100.png","type":"image\/png"}],"twitter_card":"summary_large_image","schema":{"@context":"https:\/\/schema.org","@graph":[{"@type":"WebPage","@id":"https:\/\/castillodevinuelas.es\/fr\/le-domaine\/","url":"https:\/\/castillodevinuelas.es\/fr\/le-domaine\/","name":"Le Domaine - Bienvenue au Castillo de Vi\u00f1uelas","isPartOf":{"@id":"https:\/\/castillodevinuelas.es\/fr\/#website"},"datePublished":"2024-08-01T12:32:38+00:00","dateModified":"2024-10-11T17:32:25+00:00","description":"Vi\u00f1uelas, paradis de la faune ib\u00e9rique, poss\u00e8de de grandes valeurs paysag\u00e8res, artistiques et environnementales, abritant de fabuleux sp\u00e9cimens de cerfs, de daims, de sangliers et de perdrix, entre autres nombreuses esp\u00e8ces.","breadcrumb":{"@id":"https:\/\/castillodevinuelas.es\/fr\/le-domaine\/#breadcrumb"},"inLanguage":"fr-FR","potentialAction":[{"@type":"ReadAction","target":["https:\/\/castillodevinuelas.es\/fr\/le-domaine\/"]}]},{"@type":"BreadcrumbList","@id":"https:\/\/castillodevinuelas.es\/fr\/le-domaine\/#breadcrumb","itemListElement":[{"@type":"ListItem","position":1,"name":"Portada","item":"https:\/\/castillodevinuelas.es\/fr\/"},{"@type":"ListItem","position":2,"name":"Le Domaine"}]},{"@type":"WebSite","@id":"https:\/\/castillodevinuelas.es\/fr\/#website","url":"https:\/\/castillodevinuelas.es\/fr\/","name":"Bienvenue au Castillo de Vi\u00f1uelas","description":"Castillo de Vi\u00f1uelas","publisher":{"@id":"https:\/\/castillodevinuelas.es\/fr\/#organization"},"alternateName":"Castillo de Vi\u00f1uelas","potentialAction":[{"@type":"SearchAction","target":{"@type":"EntryPoint","urlTemplate":"https:\/\/castillodevinuelas.es\/fr\/?s={search_term_string}"},"query-input":{"@type":"PropertyValueSpecification","valueRequired":true,"valueName":"search_term_string"}}],"inLanguage":"fr-FR"},{"@type":"Organization","@id":"https:\/\/castillodevinuelas.es\/fr\/#organization","name":"Castillo de Vi\u00f1uelas","alternateName":"Castillo de Vi\u00f1uelas","url":"https:\/\/castillodevinuelas.es\/fr\/","logo":{"@type":"ImageObject","inLanguage":"fr-FR","@id":"https:\/\/castillodevinuelas.es\/fr\/#\/schema\/logo\/image\/","url":"https:\/\/castillodevinuelas.es\/fr\/wp-content\/uploads\/sites\/3\/2024\/08\/CV_logo_hor-v2_100.png","contentUrl":"https:\/\/castillodevinuelas.es\/fr\/wp-content\/uploads\/sites\/3\/2024\/08\/CV_logo_hor-v2_100.png","width":289,"height":100,"caption":"Castillo de Vi\u00f1uelas"},"image":{"@id":"https:\/\/castillodevinuelas.es\/fr\/#\/schema\/logo\/image\/"},"sameAs":["https:\/\/www.instagram.com\/castillodevinuelas"]}]}},"_links":{"self":[{"href":"https:\/\/castillodevinuelas.es\/fr\/wp-json\/wp\/v2\/pages\/154","targetHints":{"allow":["GET"]}}],"collection":[{"href":"https:\/\/castillodevinuelas.es\/fr\/wp-json\/wp\/v2\/pages"}],"about":[{"href":"https:\/\/castillodevinuelas.es\/fr\/wp-json\/wp\/v2\/types\/page"}],"author":[{"embeddable":true,"href":"https:\/\/castillodevinuelas.es\/fr\/wp-json\/wp\/v2\/users\/1"}],"replies":[{"embeddable":true,"href":"https:\/\/castillodevinuelas.es\/fr\/wp-json\/wp\/v2\/comments?post=154"}],"version-history":[{"count":2,"href":"https:\/\/castillodevinuelas.es\/fr\/wp-json\/wp\/v2\/pages\/154\/revisions"}],"predecessor-version":[{"id":440,"href":"https:\/\/castillodevinuelas.es\/fr\/wp-json\/wp\/v2\/pages\/154\/revisions\/440"}],"wp:attachment":[{"href":"https:\/\/castillodevinuelas.es\/fr\/wp-json\/wp\/v2\/media?parent=154"}],"curies":[{"name":"wp","href":"https:\/\/api.w.org\/{rel}","templated":true}]}}