{"id":171,"date":"2024-08-02T16:30:26","date_gmt":"2024-08-02T14:30:26","guid":{"rendered":"https:\/\/eldiariocinegetico.es\/fr\/?page_id=171"},"modified":"2024-10-11T18:34:17","modified_gmt":"2024-10-11T16:34:17","slug":"notre-equipe","status":"publish","type":"page","link":"https:\/\/castillodevinuelas.es\/fr\/notre-equipe\/","title":{"rendered":"Notre \u00e9quipe"},"content":{"rendered":"","protected":false},"excerpt":{"rendered":"","protected":false},"author":1,"featured_media":0,"parent":0,"menu_order":0,"comment_status":"open","ping_status":"closed","template":"","meta":{"footnotes":""},"class_list":["post-171","page","type-page","status-publish","hentry"],"yoast_head":"<!-- This site is optimized with the Yoast SEO plugin v27.1.1 - https:\/\/yoast.com\/product\/yoast-seo-wordpress\/ -->\n<title>Notre \u00e9quipe - Bienvenue au Castillo de Vi\u00f1uelas<\/title>\n<meta name=\"description\" content=\"Chasser dans le domaine d\u2019un ch\u00e2teau est un \u00e9v\u00e9nement inhabituel, \u00e0 moins que vous ne parliez de Vi\u00f1uelas. \u00c0 quelques kilom\u00e8tres de Madrid, le domaine de chasse Castillo de Vi\u00f1uelas est l&#039;une des grandes r\u00e9f\u00e9rences du calendrier de chasse de la saison. Le cerf et le daim sont les grands protagonistes en raison de leur qualit\u00e9 et de leur quantit\u00e9, bien que le sanglier offre \u00e9galement des agr\u00e9ables surprises, procurant de nombreuses et excitantes exp\u00e9riences.\" \/>\n<meta name=\"robots\" content=\"index, follow, max-snippet:-1, max-image-preview:large, max-video-preview:-1\" \/>\n<link rel=\"canonical\" href=\"https:\/\/castillodevinuelas.es\/fr\/notre-equipe\/\" \/>\n<meta property=\"og:locale\" content=\"fr_FR\" \/>\n<meta property=\"og:type\" content=\"article\" \/>\n<meta property=\"og:title\" content=\"Notre \u00e9quipe - Bienvenue au Castillo de Vi\u00f1uelas\" \/>\n<meta property=\"og:description\" content=\"Chasser dans le domaine d\u2019un ch\u00e2teau est un \u00e9v\u00e9nement inhabituel, \u00e0 moins que vous ne parliez de Vi\u00f1uelas. \u00c0 quelques kilom\u00e8tres de Madrid, le domaine de chasse Castillo de Vi\u00f1uelas est l&#039;une des grandes r\u00e9f\u00e9rences du calendrier de chasse de la saison. Le cerf et le daim sont les grands protagonistes en raison de leur qualit\u00e9 et de leur quantit\u00e9, bien que le sanglier offre \u00e9galement des agr\u00e9ables surprises, procurant de nombreuses et excitantes exp\u00e9riences.\" \/>\n<meta property=\"og:url\" content=\"https:\/\/castillodevinuelas.es\/fr\/notre-equipe\/\" \/>\n<meta property=\"og:site_name\" content=\"Bienvenue au Castillo de Vi\u00f1uelas\" \/>\n<meta property=\"article:modified_time\" content=\"2024-10-11T16:34:17+00:00\" \/>\n<meta property=\"og:image\" content=\"https:\/\/castillodevinuelas.es\/fr\/wp-content\/uploads\/sites\/3\/2024\/08\/CV_logo_hor-v2_100.png\" \/>\n\t<meta property=\"og:image:width\" content=\"289\" \/>\n\t<meta property=\"og:image:height\" content=\"100\" \/>\n\t<meta property=\"og:image:type\" content=\"image\/png\" \/>\n<meta name=\"twitter:card\" content=\"summary_large_image\" \/>\n<script type=\"application\/ld+json\" class=\"yoast-schema-graph\">{\"@context\":\"https:\/\/schema.org\",\"@graph\":[{\"@type\":\"WebPage\",\"@id\":\"https:\/\/castillodevinuelas.es\/fr\/notre-equipe\/\",\"url\":\"https:\/\/castillodevinuelas.es\/fr\/notre-equipe\/\",\"name\":\"Notre \u00e9quipe - Bienvenue au Castillo de Vi\u00f1uelas\",\"isPartOf\":{\"@id\":\"https:\/\/castillodevinuelas.es\/fr\/#website\"},\"datePublished\":\"2024-08-02T14:30:26+00:00\",\"dateModified\":\"2024-10-11T16:34:17+00:00\",\"description\":\"Chasser dans le domaine d\u2019un ch\u00e2teau est un \u00e9v\u00e9nement inhabituel, \u00e0 moins que vous ne parliez de Vi\u00f1uelas. \u00c0 quelques kilom\u00e8tres de Madrid, le domaine de chasse Castillo de Vi\u00f1uelas est l'une des grandes r\u00e9f\u00e9rences du calendrier de chasse de la saison. Le cerf et le daim sont les grands protagonistes en raison de leur qualit\u00e9 et de leur quantit\u00e9, bien que le sanglier offre \u00e9galement des agr\u00e9ables surprises, procurant de nombreuses et excitantes exp\u00e9riences.\",\"breadcrumb\":{\"@id\":\"https:\/\/castillodevinuelas.es\/fr\/notre-equipe\/#breadcrumb\"},\"inLanguage\":\"fr-FR\",\"potentialAction\":[{\"@type\":\"ReadAction\",\"target\":[\"https:\/\/castillodevinuelas.es\/fr\/notre-equipe\/\"]}]},{\"@type\":\"BreadcrumbList\",\"@id\":\"https:\/\/castillodevinuelas.es\/fr\/notre-equipe\/#breadcrumb\",\"itemListElement\":[{\"@type\":\"ListItem\",\"position\":1,\"name\":\"Portada\",\"item\":\"https:\/\/castillodevinuelas.es\/fr\/\"},{\"@type\":\"ListItem\",\"position\":2,\"name\":\"Notre \u00e9quipe\"}]},{\"@type\":\"WebSite\",\"@id\":\"https:\/\/castillodevinuelas.es\/fr\/#website\",\"url\":\"https:\/\/castillodevinuelas.es\/fr\/\",\"name\":\"Bienvenue au Castillo de Vi\u00f1uelas\",\"description\":\"Castillo de Vi\u00f1uelas\",\"publisher\":{\"@id\":\"https:\/\/castillodevinuelas.es\/fr\/#organization\"},\"alternateName\":\"Castillo de Vi\u00f1uelas\",\"potentialAction\":[{\"@type\":\"SearchAction\",\"target\":{\"@type\":\"EntryPoint\",\"urlTemplate\":\"https:\/\/castillodevinuelas.es\/fr\/?s={search_term_string}\"},\"query-input\":{\"@type\":\"PropertyValueSpecification\",\"valueRequired\":true,\"valueName\":\"search_term_string\"}}],\"inLanguage\":\"fr-FR\"},{\"@type\":\"Organization\",\"@id\":\"https:\/\/castillodevinuelas.es\/fr\/#organization\",\"name\":\"Castillo de Vi\u00f1uelas\",\"alternateName\":\"Castillo de Vi\u00f1uelas\",\"url\":\"https:\/\/castillodevinuelas.es\/fr\/\",\"logo\":{\"@type\":\"ImageObject\",\"inLanguage\":\"fr-FR\",\"@id\":\"https:\/\/castillodevinuelas.es\/fr\/#\/schema\/logo\/image\/\",\"url\":\"https:\/\/castillodevinuelas.es\/fr\/wp-content\/uploads\/sites\/3\/2024\/08\/CV_logo_hor-v2_100.png\",\"contentUrl\":\"https:\/\/castillodevinuelas.es\/fr\/wp-content\/uploads\/sites\/3\/2024\/08\/CV_logo_hor-v2_100.png\",\"width\":289,\"height\":100,\"caption\":\"Castillo de Vi\u00f1uelas\"},\"image\":{\"@id\":\"https:\/\/castillodevinuelas.es\/fr\/#\/schema\/logo\/image\/\"},\"sameAs\":[\"https:\/\/www.instagram.com\/castillodevinuelas\"]}]}<\/script>\n<!-- \/ Yoast SEO plugin. -->","yoast_head_json":{"title":"Notre \u00e9quipe - Bienvenue au Castillo de Vi\u00f1uelas","description":"Chasser dans le domaine d\u2019un ch\u00e2teau est un \u00e9v\u00e9nement inhabituel, \u00e0 moins que vous ne parliez de Vi\u00f1uelas. \u00c0 quelques kilom\u00e8tres de Madrid, le domaine de chasse Castillo de Vi\u00f1uelas est l'une des grandes r\u00e9f\u00e9rences du calendrier de chasse de la saison. Le cerf et le daim sont les grands protagonistes en raison de leur qualit\u00e9 et de leur quantit\u00e9, bien que le sanglier offre \u00e9galement des agr\u00e9ables surprises, procurant de nombreuses et excitantes exp\u00e9riences.","robots":{"index":"index","follow":"follow","max-snippet":"max-snippet:-1","max-image-preview":"max-image-preview:large","max-video-preview":"max-video-preview:-1"},"canonical":"https:\/\/castillodevinuelas.es\/fr\/notre-equipe\/","og_locale":"fr_FR","og_type":"article","og_title":"Notre \u00e9quipe - Bienvenue au Castillo de Vi\u00f1uelas","og_description":"Chasser dans le domaine d\u2019un ch\u00e2teau est un \u00e9v\u00e9nement inhabituel, \u00e0 moins que vous ne parliez de Vi\u00f1uelas. \u00c0 quelques kilom\u00e8tres de Madrid, le domaine de chasse Castillo de Vi\u00f1uelas est l'une des grandes r\u00e9f\u00e9rences du calendrier de chasse de la saison. Le cerf et le daim sont les grands protagonistes en raison de leur qualit\u00e9 et de leur quantit\u00e9, bien que le sanglier offre \u00e9galement des agr\u00e9ables surprises, procurant de nombreuses et excitantes exp\u00e9riences.","og_url":"https:\/\/castillodevinuelas.es\/fr\/notre-equipe\/","og_site_name":"Bienvenue au Castillo de Vi\u00f1uelas","article_modified_time":"2024-10-11T16:34:17+00:00","og_image":[{"width":289,"height":100,"url":"https:\/\/castillodevinuelas.es\/fr\/wp-content\/uploads\/sites\/3\/2024\/08\/CV_logo_hor-v2_100.png","type":"image\/png"}],"twitter_card":"summary_large_image","schema":{"@context":"https:\/\/schema.org","@graph":[{"@type":"WebPage","@id":"https:\/\/castillodevinuelas.es\/fr\/notre-equipe\/","url":"https:\/\/castillodevinuelas.es\/fr\/notre-equipe\/","name":"Notre \u00e9quipe - Bienvenue au Castillo de Vi\u00f1uelas","isPartOf":{"@id":"https:\/\/castillodevinuelas.es\/fr\/#website"},"datePublished":"2024-08-02T14:30:26+00:00","dateModified":"2024-10-11T16:34:17+00:00","description":"Chasser dans le domaine d\u2019un ch\u00e2teau est un \u00e9v\u00e9nement inhabituel, \u00e0 moins que vous ne parliez de Vi\u00f1uelas. \u00c0 quelques kilom\u00e8tres de Madrid, le domaine de chasse Castillo de Vi\u00f1uelas est l'une des grandes r\u00e9f\u00e9rences du calendrier de chasse de la saison. Le cerf et le daim sont les grands protagonistes en raison de leur qualit\u00e9 et de leur quantit\u00e9, bien que le sanglier offre \u00e9galement des agr\u00e9ables surprises, procurant de nombreuses et excitantes exp\u00e9riences.","breadcrumb":{"@id":"https:\/\/castillodevinuelas.es\/fr\/notre-equipe\/#breadcrumb"},"inLanguage":"fr-FR","potentialAction":[{"@type":"ReadAction","target":["https:\/\/castillodevinuelas.es\/fr\/notre-equipe\/"]}]},{"@type":"BreadcrumbList","@id":"https:\/\/castillodevinuelas.es\/fr\/notre-equipe\/#breadcrumb","itemListElement":[{"@type":"ListItem","position":1,"name":"Portada","item":"https:\/\/castillodevinuelas.es\/fr\/"},{"@type":"ListItem","position":2,"name":"Notre \u00e9quipe"}]},{"@type":"WebSite","@id":"https:\/\/castillodevinuelas.es\/fr\/#website","url":"https:\/\/castillodevinuelas.es\/fr\/","name":"Bienvenue au Castillo de Vi\u00f1uelas","description":"Castillo de Vi\u00f1uelas","publisher":{"@id":"https:\/\/castillodevinuelas.es\/fr\/#organization"},"alternateName":"Castillo de Vi\u00f1uelas","potentialAction":[{"@type":"SearchAction","target":{"@type":"EntryPoint","urlTemplate":"https:\/\/castillodevinuelas.es\/fr\/?s={search_term_string}"},"query-input":{"@type":"PropertyValueSpecification","valueRequired":true,"valueName":"search_term_string"}}],"inLanguage":"fr-FR"},{"@type":"Organization","@id":"https:\/\/castillodevinuelas.es\/fr\/#organization","name":"Castillo de Vi\u00f1uelas","alternateName":"Castillo de Vi\u00f1uelas","url":"https:\/\/castillodevinuelas.es\/fr\/","logo":{"@type":"ImageObject","inLanguage":"fr-FR","@id":"https:\/\/castillodevinuelas.es\/fr\/#\/schema\/logo\/image\/","url":"https:\/\/castillodevinuelas.es\/fr\/wp-content\/uploads\/sites\/3\/2024\/08\/CV_logo_hor-v2_100.png","contentUrl":"https:\/\/castillodevinuelas.es\/fr\/wp-content\/uploads\/sites\/3\/2024\/08\/CV_logo_hor-v2_100.png","width":289,"height":100,"caption":"Castillo de Vi\u00f1uelas"},"image":{"@id":"https:\/\/castillodevinuelas.es\/fr\/#\/schema\/logo\/image\/"},"sameAs":["https:\/\/www.instagram.com\/castillodevinuelas"]}]}},"_links":{"self":[{"href":"https:\/\/castillodevinuelas.es\/fr\/wp-json\/wp\/v2\/pages\/171","targetHints":{"allow":["GET"]}}],"collection":[{"href":"https:\/\/castillodevinuelas.es\/fr\/wp-json\/wp\/v2\/pages"}],"about":[{"href":"https:\/\/castillodevinuelas.es\/fr\/wp-json\/wp\/v2\/types\/page"}],"author":[{"embeddable":true,"href":"https:\/\/castillodevinuelas.es\/fr\/wp-json\/wp\/v2\/users\/1"}],"replies":[{"embeddable":true,"href":"https:\/\/castillodevinuelas.es\/fr\/wp-json\/wp\/v2\/comments?post=171"}],"version-history":[{"count":2,"href":"https:\/\/castillodevinuelas.es\/fr\/wp-json\/wp\/v2\/pages\/171\/revisions"}],"predecessor-version":[{"id":437,"href":"https:\/\/castillodevinuelas.es\/fr\/wp-json\/wp\/v2\/pages\/171\/revisions\/437"}],"wp:attachment":[{"href":"https:\/\/castillodevinuelas.es\/fr\/wp-json\/wp\/v2\/media?parent=171"}],"curies":[{"name":"wp","href":"https:\/\/api.w.org\/{rel}","templated":true}]}}