{"id":183,"date":"2024-08-02T19:55:25","date_gmt":"2024-08-02T17:55:25","guid":{"rendered":"https:\/\/eldiariocinegetico.es\/fr\/?page_id=183"},"modified":"2025-07-28T16:13:49","modified_gmt":"2025-07-28T16:13:49","slug":"la-chasse","status":"publish","type":"page","link":"https:\/\/castillodevinuelas.es\/fr\/la-chasse\/","title":{"rendered":"La Chasse"},"content":{"rendered":"","protected":false},"excerpt":{"rendered":"","protected":false},"author":1,"featured_media":0,"parent":0,"menu_order":0,"comment_status":"open","ping_status":"closed","template":"","meta":{"footnotes":""},"class_list":["post-183","page","type-page","status-publish","hentry"],"yoast_head":"<!-- This site is optimized with the Yoast SEO plugin v27.1.1 - https:\/\/yoast.com\/product\/yoast-seo-wordpress\/ -->\n<title>La Chasse - Bienvenue au Castillo de Vi\u00f1uelas<\/title>\n<meta name=\"description\" content=\"Participez \u00e0 des chasses \u00e0 courre de grande tradition, o\u00f9 vous pourrez profiter de l&#039;essence de la chasse en groupe, avec des quotas limit\u00e9s de daims et de cerfs et une r\u00e9partition parfaite des postes. Si vous recherchez une exp\u00e9rience de chasse plus personnalis\u00e9e, optez pour un aff\u00fbt guid\u00e9 par l&#039;un de nos gardes exp\u00e9riment\u00e9s.\" \/>\n<meta name=\"robots\" content=\"index, follow, max-snippet:-1, max-image-preview:large, max-video-preview:-1\" \/>\n<link rel=\"canonical\" href=\"https:\/\/castillodevinuelas.es\/fr\/la-chasse\/\" \/>\n<meta property=\"og:locale\" content=\"fr_FR\" \/>\n<meta property=\"og:type\" content=\"article\" \/>\n<meta property=\"og:title\" content=\"La Chasse - Bienvenue au Castillo de Vi\u00f1uelas\" \/>\n<meta property=\"og:description\" content=\"Participez \u00e0 des chasses \u00e0 courre de grande tradition, o\u00f9 vous pourrez profiter de l&#039;essence de la chasse en groupe, avec des quotas limit\u00e9s de daims et de cerfs et une r\u00e9partition parfaite des postes. Si vous recherchez une exp\u00e9rience de chasse plus personnalis\u00e9e, optez pour un aff\u00fbt guid\u00e9 par l&#039;un de nos gardes exp\u00e9riment\u00e9s.\" \/>\n<meta property=\"og:url\" content=\"https:\/\/castillodevinuelas.es\/fr\/la-chasse\/\" \/>\n<meta property=\"og:site_name\" content=\"Bienvenue au Castillo de Vi\u00f1uelas\" \/>\n<meta property=\"article:modified_time\" content=\"2025-07-28T16:13:49+00:00\" \/>\n<meta property=\"og:image\" content=\"https:\/\/castillodevinuelas.es\/fr\/wp-content\/uploads\/sites\/3\/2024\/08\/CV_logo_hor-v2_100.png\" \/>\n\t<meta property=\"og:image:width\" content=\"289\" \/>\n\t<meta property=\"og:image:height\" content=\"100\" \/>\n\t<meta property=\"og:image:type\" content=\"image\/png\" \/>\n<meta name=\"twitter:card\" content=\"summary_large_image\" \/>\n<script type=\"application\/ld+json\" class=\"yoast-schema-graph\">{\"@context\":\"https:\/\/schema.org\",\"@graph\":[{\"@type\":\"WebPage\",\"@id\":\"https:\/\/castillodevinuelas.es\/fr\/la-chasse\/\",\"url\":\"https:\/\/castillodevinuelas.es\/fr\/la-chasse\/\",\"name\":\"La Chasse - Bienvenue au Castillo de Vi\u00f1uelas\",\"isPartOf\":{\"@id\":\"https:\/\/castillodevinuelas.es\/fr\/#website\"},\"datePublished\":\"2024-08-02T17:55:25+00:00\",\"dateModified\":\"2025-07-28T16:13:49+00:00\",\"description\":\"Participez \u00e0 des chasses \u00e0 courre de grande tradition, o\u00f9 vous pourrez profiter de l'essence de la chasse en groupe, avec des quotas limit\u00e9s de daims et de cerfs et une r\u00e9partition parfaite des postes. Si vous recherchez une exp\u00e9rience de chasse plus personnalis\u00e9e, optez pour un aff\u00fbt guid\u00e9 par l'un de nos gardes exp\u00e9riment\u00e9s.\",\"breadcrumb\":{\"@id\":\"https:\/\/castillodevinuelas.es\/fr\/la-chasse\/#breadcrumb\"},\"inLanguage\":\"fr-FR\",\"potentialAction\":[{\"@type\":\"ReadAction\",\"target\":[\"https:\/\/castillodevinuelas.es\/fr\/la-chasse\/\"]}]},{\"@type\":\"BreadcrumbList\",\"@id\":\"https:\/\/castillodevinuelas.es\/fr\/la-chasse\/#breadcrumb\",\"itemListElement\":[{\"@type\":\"ListItem\",\"position\":1,\"name\":\"Portada\",\"item\":\"https:\/\/castillodevinuelas.es\/fr\/\"},{\"@type\":\"ListItem\",\"position\":2,\"name\":\"La Chasse\"}]},{\"@type\":\"WebSite\",\"@id\":\"https:\/\/castillodevinuelas.es\/fr\/#website\",\"url\":\"https:\/\/castillodevinuelas.es\/fr\/\",\"name\":\"Bienvenue au Castillo de Vi\u00f1uelas\",\"description\":\"Castillo de Vi\u00f1uelas\",\"publisher\":{\"@id\":\"https:\/\/castillodevinuelas.es\/fr\/#organization\"},\"alternateName\":\"Castillo de Vi\u00f1uelas\",\"potentialAction\":[{\"@type\":\"SearchAction\",\"target\":{\"@type\":\"EntryPoint\",\"urlTemplate\":\"https:\/\/castillodevinuelas.es\/fr\/?s={search_term_string}\"},\"query-input\":{\"@type\":\"PropertyValueSpecification\",\"valueRequired\":true,\"valueName\":\"search_term_string\"}}],\"inLanguage\":\"fr-FR\"},{\"@type\":\"Organization\",\"@id\":\"https:\/\/castillodevinuelas.es\/fr\/#organization\",\"name\":\"Castillo de Vi\u00f1uelas\",\"alternateName\":\"Castillo de Vi\u00f1uelas\",\"url\":\"https:\/\/castillodevinuelas.es\/fr\/\",\"logo\":{\"@type\":\"ImageObject\",\"inLanguage\":\"fr-FR\",\"@id\":\"https:\/\/castillodevinuelas.es\/fr\/#\/schema\/logo\/image\/\",\"url\":\"https:\/\/castillodevinuelas.es\/fr\/wp-content\/uploads\/sites\/3\/2024\/08\/CV_logo_hor-v2_100.png\",\"contentUrl\":\"https:\/\/castillodevinuelas.es\/fr\/wp-content\/uploads\/sites\/3\/2024\/08\/CV_logo_hor-v2_100.png\",\"width\":289,\"height\":100,\"caption\":\"Castillo de Vi\u00f1uelas\"},\"image\":{\"@id\":\"https:\/\/castillodevinuelas.es\/fr\/#\/schema\/logo\/image\/\"},\"sameAs\":[\"https:\/\/www.instagram.com\/castillodevinuelas\"]}]}<\/script>\n<!-- \/ Yoast SEO plugin. -->","yoast_head_json":{"title":"La Chasse - Bienvenue au Castillo de Vi\u00f1uelas","description":"Participez \u00e0 des chasses \u00e0 courre de grande tradition, o\u00f9 vous pourrez profiter de l'essence de la chasse en groupe, avec des quotas limit\u00e9s de daims et de cerfs et une r\u00e9partition parfaite des postes. Si vous recherchez une exp\u00e9rience de chasse plus personnalis\u00e9e, optez pour un aff\u00fbt guid\u00e9 par l'un de nos gardes exp\u00e9riment\u00e9s.","robots":{"index":"index","follow":"follow","max-snippet":"max-snippet:-1","max-image-preview":"max-image-preview:large","max-video-preview":"max-video-preview:-1"},"canonical":"https:\/\/castillodevinuelas.es\/fr\/la-chasse\/","og_locale":"fr_FR","og_type":"article","og_title":"La Chasse - Bienvenue au Castillo de Vi\u00f1uelas","og_description":"Participez \u00e0 des chasses \u00e0 courre de grande tradition, o\u00f9 vous pourrez profiter de l'essence de la chasse en groupe, avec des quotas limit\u00e9s de daims et de cerfs et une r\u00e9partition parfaite des postes. Si vous recherchez une exp\u00e9rience de chasse plus personnalis\u00e9e, optez pour un aff\u00fbt guid\u00e9 par l'un de nos gardes exp\u00e9riment\u00e9s.","og_url":"https:\/\/castillodevinuelas.es\/fr\/la-chasse\/","og_site_name":"Bienvenue au Castillo de Vi\u00f1uelas","article_modified_time":"2025-07-28T16:13:49+00:00","og_image":[{"width":289,"height":100,"url":"https:\/\/castillodevinuelas.es\/fr\/wp-content\/uploads\/sites\/3\/2024\/08\/CV_logo_hor-v2_100.png","type":"image\/png"}],"twitter_card":"summary_large_image","schema":{"@context":"https:\/\/schema.org","@graph":[{"@type":"WebPage","@id":"https:\/\/castillodevinuelas.es\/fr\/la-chasse\/","url":"https:\/\/castillodevinuelas.es\/fr\/la-chasse\/","name":"La Chasse - Bienvenue au Castillo de Vi\u00f1uelas","isPartOf":{"@id":"https:\/\/castillodevinuelas.es\/fr\/#website"},"datePublished":"2024-08-02T17:55:25+00:00","dateModified":"2025-07-28T16:13:49+00:00","description":"Participez \u00e0 des chasses \u00e0 courre de grande tradition, o\u00f9 vous pourrez profiter de l'essence de la chasse en groupe, avec des quotas limit\u00e9s de daims et de cerfs et une r\u00e9partition parfaite des postes. Si vous recherchez une exp\u00e9rience de chasse plus personnalis\u00e9e, optez pour un aff\u00fbt guid\u00e9 par l'un de nos gardes exp\u00e9riment\u00e9s.","breadcrumb":{"@id":"https:\/\/castillodevinuelas.es\/fr\/la-chasse\/#breadcrumb"},"inLanguage":"fr-FR","potentialAction":[{"@type":"ReadAction","target":["https:\/\/castillodevinuelas.es\/fr\/la-chasse\/"]}]},{"@type":"BreadcrumbList","@id":"https:\/\/castillodevinuelas.es\/fr\/la-chasse\/#breadcrumb","itemListElement":[{"@type":"ListItem","position":1,"name":"Portada","item":"https:\/\/castillodevinuelas.es\/fr\/"},{"@type":"ListItem","position":2,"name":"La Chasse"}]},{"@type":"WebSite","@id":"https:\/\/castillodevinuelas.es\/fr\/#website","url":"https:\/\/castillodevinuelas.es\/fr\/","name":"Bienvenue au Castillo de Vi\u00f1uelas","description":"Castillo de Vi\u00f1uelas","publisher":{"@id":"https:\/\/castillodevinuelas.es\/fr\/#organization"},"alternateName":"Castillo de Vi\u00f1uelas","potentialAction":[{"@type":"SearchAction","target":{"@type":"EntryPoint","urlTemplate":"https:\/\/castillodevinuelas.es\/fr\/?s={search_term_string}"},"query-input":{"@type":"PropertyValueSpecification","valueRequired":true,"valueName":"search_term_string"}}],"inLanguage":"fr-FR"},{"@type":"Organization","@id":"https:\/\/castillodevinuelas.es\/fr\/#organization","name":"Castillo de Vi\u00f1uelas","alternateName":"Castillo de Vi\u00f1uelas","url":"https:\/\/castillodevinuelas.es\/fr\/","logo":{"@type":"ImageObject","inLanguage":"fr-FR","@id":"https:\/\/castillodevinuelas.es\/fr\/#\/schema\/logo\/image\/","url":"https:\/\/castillodevinuelas.es\/fr\/wp-content\/uploads\/sites\/3\/2024\/08\/CV_logo_hor-v2_100.png","contentUrl":"https:\/\/castillodevinuelas.es\/fr\/wp-content\/uploads\/sites\/3\/2024\/08\/CV_logo_hor-v2_100.png","width":289,"height":100,"caption":"Castillo de Vi\u00f1uelas"},"image":{"@id":"https:\/\/castillodevinuelas.es\/fr\/#\/schema\/logo\/image\/"},"sameAs":["https:\/\/www.instagram.com\/castillodevinuelas"]}]}},"_links":{"self":[{"href":"https:\/\/castillodevinuelas.es\/fr\/wp-json\/wp\/v2\/pages\/183","targetHints":{"allow":["GET"]}}],"collection":[{"href":"https:\/\/castillodevinuelas.es\/fr\/wp-json\/wp\/v2\/pages"}],"about":[{"href":"https:\/\/castillodevinuelas.es\/fr\/wp-json\/wp\/v2\/types\/page"}],"author":[{"embeddable":true,"href":"https:\/\/castillodevinuelas.es\/fr\/wp-json\/wp\/v2\/users\/1"}],"replies":[{"embeddable":true,"href":"https:\/\/castillodevinuelas.es\/fr\/wp-json\/wp\/v2\/comments?post=183"}],"version-history":[{"count":2,"href":"https:\/\/castillodevinuelas.es\/fr\/wp-json\/wp\/v2\/pages\/183\/revisions"}],"predecessor-version":[{"id":441,"href":"https:\/\/castillodevinuelas.es\/fr\/wp-json\/wp\/v2\/pages\/183\/revisions\/441"}],"wp:attachment":[{"href":"https:\/\/castillodevinuelas.es\/fr\/wp-json\/wp\/v2\/media?parent=183"}],"curies":[{"name":"wp","href":"https:\/\/api.w.org\/{rel}","templated":true}]}}